{"id":17442,"date":"2025-04-17T19:34:17","date_gmt":"2025-04-17T22:34:17","guid":{"rendered":"https:\/\/assuntospolemicosdabiblia.com\/novo\/?page_id=17442"},"modified":"2025-04-22T10:16:57","modified_gmt":"2025-04-22T13:16:57","slug":"poesias-em-audio","status":"publish","type":"page","link":"https:\/\/assuntospolemicosdabiblia.com\/blog\/poesias-em-audio\/","title":{"rendered":"Poesias em \u00c1udio"},"content":{"rendered":"\t\t<div data-elementor-type=\"wp-page\" data-elementor-id=\"17442\" class=\"elementor elementor-17442\" data-elementor-post-type=\"page\">\n\t\t\t\t<div class=\"elementor-element elementor-element-fe152ec e-flex e-con-boxed wpr-particle-no wpr-jarallax-no wpr-parallax-no wpr-sticky-section-no e-con e-parent\" data-id=\"fe152ec\" data-element_type=\"container\" data-e-type=\"container\" data-settings=\"{&quot;background_background&quot;:&quot;classic&quot;}\">\n\t\t\t\t\t<div class=\"e-con-inner\">\n\t\t\t\t<div class=\"elementor-element elementor-element-f057ef0 elementor-widget elementor-widget-heading\" data-id=\"f057ef0\" data-element_type=\"widget\" data-e-type=\"widget\" data-widget_type=\"heading.default\">\n\t\t\t\t\t<h1 class=\"elementor-heading-title elementor-size-default\">Poesias em \u00c1udio<\/h1>\t\t\t\t<\/div>\n\t\t\t\t\t<\/div>\n\t\t\t\t<\/div>\n\t\t<div class=\"elementor-element elementor-element-a5c48ac e-flex e-con-boxed wpr-particle-no wpr-jarallax-no wpr-parallax-no wpr-sticky-section-no e-con e-parent\" data-id=\"a5c48ac\" data-element_type=\"container\" data-e-type=\"container\">\n\t\t\t\t\t<div class=\"e-con-inner\">\n\t\t\t\t<div class=\"elementor-element elementor-element-664b5df elementor-widget elementor-widget-heading\" data-id=\"664b5df\" data-element_type=\"widget\" data-e-type=\"widget\" data-widget_type=\"heading.default\">\n\t\t\t\t\t<h2 class=\"elementor-heading-title elementor-size-default\">INTRODU\u00c7\u00c3O<\/h2>\t\t\t\t<\/div>\n\t\t\t\t<div class=\"elementor-element elementor-element-ae604eb elementor-widget elementor-widget-text-editor\" data-id=\"ae604eb\" data-element_type=\"widget\" data-e-type=\"widget\" data-widget_type=\"text-editor.default\">\n\t\t\t\t\t\t\t\t\t<p>N\u00e3o deixe de acessar a Se\u00e7\u00e3o \u201cO AUTOR\u201d, no Link, na parte superior do Site;<\/p><p>MAIORES ESCLARECIMENTOS ATRAV\u00c9S DO &#8220;FALE CONOSCO&#8221;.<\/p><p>S\u00e3o 10 (dez) Mensagens em versos para edifica\u00e7\u00e3o espiritual, e para quem deseja Evangelizar, compartilhe esse pagina com seus amigos;<\/p><p>O Poeta Criador<br \/><div class=\"compact_audio_player_wrapper\"><div class=\"sc_player_container1\"><input type=\"button\" id=\"btnplay_69d078236daaa9.97137782\" class=\"myButton_play\" onClick=\"play_mp3('play','69d078236daaa9.97137782','https:\/\/www.assuntospolemicosdabiblia.com\/blog\/wp-content\/uploads\/opoetacriador.mp3','80','false');show_hide('play','69d078236daaa9.97137782');\" \/><input type=\"button\"  id=\"btnstop_69d078236daaa9.97137782\" style=\"display:none\" class=\"myButton_stop\" onClick=\"play_mp3('stop','69d078236daaa9.97137782','','80','false');show_hide('stop','69d078236daaa9.97137782');\" \/><div id=\"sm2-container\"><!-- flash movie ends up here --><\/div><\/div><\/div><br \/>O Rei do Amor<br \/><div class=\"compact_audio_player_wrapper\"><div class=\"sc_player_container1\"><input type=\"button\" id=\"btnplay_69d078236f8670.42403392\" class=\"myButton_play\" onClick=\"play_mp3('play','69d078236f8670.42403392','https:\/\/www.assuntospolemicosdabiblia.com\/blog\/wp-content\/uploads\/oreideamor.mp3','80','false');show_hide('play','69d078236f8670.42403392');\" \/><input type=\"button\"  id=\"btnstop_69d078236f8670.42403392\" style=\"display:none\" class=\"myButton_stop\" onClick=\"play_mp3('stop','69d078236f8670.42403392','','80','false');show_hide('stop','69d078236f8670.42403392');\" \/><div id=\"sm2-container\"><!-- flash movie ends up here --><\/div><\/div><\/div><br \/>Carta de Alforria<br \/><div class=\"compact_audio_player_wrapper\"><div class=\"sc_player_container1\"><input type=\"button\" id=\"btnplay_69d07823714dc6.73510980\" class=\"myButton_play\" onClick=\"play_mp3('play','69d07823714dc6.73510980','https:\/\/www.assuntospolemicosdabiblia.com\/blog\/wp-content\/uploads\/cartadealforria.mp3','80','false');show_hide('play','69d07823714dc6.73510980');\" \/><input type=\"button\"  id=\"btnstop_69d07823714dc6.73510980\" style=\"display:none\" class=\"myButton_stop\" onClick=\"play_mp3('stop','69d07823714dc6.73510980','','80','false');show_hide('stop','69d07823714dc6.73510980');\" \/><div id=\"sm2-container\"><!-- flash movie ends up here --><\/div><\/div><\/div><br \/>Foi t\u00e3o f\u00e1cil para Deus<br \/><div class=\"compact_audio_player_wrapper\"><div class=\"sc_player_container1\"><input type=\"button\" id=\"btnplay_69d07823731bc3.13080073\" class=\"myButton_play\" onClick=\"play_mp3('play','69d07823731bc3.13080073','https:\/\/www.assuntospolemicosdabiblia.com\/blog\/wp-content\/uploads\/FOITAOFACILPARADEUS.mp3','80','false');show_hide('play','69d07823731bc3.13080073');\" \/><input type=\"button\"  id=\"btnstop_69d07823731bc3.13080073\" style=\"display:none\" class=\"myButton_stop\" onClick=\"play_mp3('stop','69d07823731bc3.13080073','','80','false');show_hide('stop','69d07823731bc3.13080073');\" \/><div id=\"sm2-container\"><!-- flash movie ends up here --><\/div><\/div><\/div><br \/>Quanto tempo eu perdi<br \/><div class=\"compact_audio_player_wrapper\"><div class=\"sc_player_container1\"><input type=\"button\" id=\"btnplay_69d0782374ec84.82453602\" class=\"myButton_play\" onClick=\"play_mp3('play','69d0782374ec84.82453602','https:\/\/www.assuntospolemicosdabiblia.com\/blog\/wp-content\/uploads\/QUANTOTEMPOEUPERDI.mp3','80','false');show_hide('play','69d0782374ec84.82453602');\" \/><input type=\"button\"  id=\"btnstop_69d0782374ec84.82453602\" style=\"display:none\" class=\"myButton_stop\" onClick=\"play_mp3('stop','69d0782374ec84.82453602','','80','false');show_hide('stop','69d0782374ec84.82453602');\" \/><div id=\"sm2-container\"><!-- flash movie ends up here --><\/div><\/div><\/div><br \/>Ser\u00e1 num piscar de olhos<br \/><div class=\"compact_audio_player_wrapper\"><div class=\"sc_player_container1\"><input type=\"button\" id=\"btnplay_69d07823779ab8.17789260\" class=\"myButton_play\" onClick=\"play_mp3('play','69d07823779ab8.17789260','https:\/\/www.assuntospolemicosdabiblia.com\/blog\/wp-content\/uploads\/SERANUMPISCARDEOLHOS.mp3','80','false');show_hide('play','69d07823779ab8.17789260');\" \/><input type=\"button\"  id=\"btnstop_69d07823779ab8.17789260\" style=\"display:none\" class=\"myButton_stop\" onClick=\"play_mp3('stop','69d07823779ab8.17789260','','80','false');show_hide('stop','69d07823779ab8.17789260');\" \/><div id=\"sm2-container\"><!-- flash movie ends up here --><\/div><\/div><\/div><br \/>Imagine<br \/><div class=\"compact_audio_player_wrapper\"><div class=\"sc_player_container1\"><input type=\"button\" id=\"btnplay_69d0782379b013.24137177\" class=\"myButton_play\" onClick=\"play_mp3('play','69d0782379b013.24137177','https:\/\/www.assuntospolemicosdabiblia.com\/blog\/wp-content\/uploads\/IMAGINE.mp3','80','false');show_hide('play','69d0782379b013.24137177');\" \/><input type=\"button\"  id=\"btnstop_69d0782379b013.24137177\" style=\"display:none\" class=\"myButton_stop\" onClick=\"play_mp3('stop','69d0782379b013.24137177','','80','false');show_hide('stop','69d0782379b013.24137177');\" \/><div id=\"sm2-container\"><!-- flash movie ends up here --><\/div><\/div><\/div><br \/>Tem que saber adorar<br \/><div class=\"compact_audio_player_wrapper\"><div class=\"sc_player_container1\"><input type=\"button\" id=\"btnplay_69d078237b67f9.47005350\" class=\"myButton_play\" onClick=\"play_mp3('play','69d078237b67f9.47005350','https:\/\/www.assuntospolemicosdabiblia.com\/blog\/wp-content\/uploads\/TEMQUESABERADORAR.mp3','80','false');show_hide('play','69d078237b67f9.47005350');\" \/><input type=\"button\"  id=\"btnstop_69d078237b67f9.47005350\" style=\"display:none\" class=\"myButton_stop\" onClick=\"play_mp3('stop','69d078237b67f9.47005350','','80','false');show_hide('stop','69d078237b67f9.47005350');\" \/><div id=\"sm2-container\"><!-- flash movie ends up here --><\/div><\/div><\/div><br \/>Eu preciso encontrar<br \/><div class=\"compact_audio_player_wrapper\"><div class=\"sc_player_container1\"><input type=\"button\" id=\"btnplay_69d078237d2384.48373813\" class=\"myButton_play\" onClick=\"play_mp3('play','69d078237d2384.48373813','https:\/\/www.assuntospolemicosdabiblia.com\/blog\/wp-content\/uploads\/EUPRECISOENCONTRAR.mp3','80','false');show_hide('play','69d078237d2384.48373813');\" \/><input type=\"button\"  id=\"btnstop_69d078237d2384.48373813\" style=\"display:none\" class=\"myButton_stop\" onClick=\"play_mp3('stop','69d078237d2384.48373813','','80','false');show_hide('stop','69d078237d2384.48373813');\" \/><div id=\"sm2-container\"><!-- flash movie ends up here --><\/div><\/div><\/div><br \/>Tarde Sombria<br \/><div class=\"compact_audio_player_wrapper\"><div class=\"sc_player_container1\"><input type=\"button\" id=\"btnplay_69d078237edd81.24382234\" class=\"myButton_play\" onClick=\"play_mp3('play','69d078237edd81.24382234','https:\/\/www.assuntospolemicosdabiblia.com\/blog\/wp-content\/uploads\/TARDESOMBRIA.mp3','80','false');show_hide('play','69d078237edd81.24382234');\" \/><input type=\"button\"  id=\"btnstop_69d078237edd81.24382234\" style=\"display:none\" class=\"myButton_stop\" onClick=\"play_mp3('stop','69d078237edd81.24382234','','80','false');show_hide('stop','69d078237edd81.24382234');\" \/><div id=\"sm2-container\"><!-- flash movie ends up here --><\/div><\/div><\/div><\/p><p>UMA SUGEST\u00c3O ESPIRITUAL<\/p><p>Fa\u00e7a um prop\u00f3sito com o Senhor no sentido de que antes de desligar o Computador para dormir ou\u00e7a uma das Poesias do CD;<br \/>Comece pela primeira at\u00e9 a \u00faltima mantendo o ciclo;<br \/>Ou\u00e7a em sentido de Adora\u00e7\u00e3o e certamente o Senhor o recompensar\u00e1 com algo Sobrenatural no devido tempo e lugar.<br \/>Deus procura Adoradores que o Adore em Esp\u00edrito e em Verdade.<\/p>\t\t\t\t\t\t\t\t<\/div>\n\t\t\t\t\t<\/div>\n\t\t\t\t<\/div>\n\t\t\t\t<\/div>\n\t\t","protected":false},"excerpt":{"rendered":"<p>Poesias em \u00c1udio INTRODU\u00c7\u00c3O N\u00e3o deixe de acessar a Se\u00e7\u00e3o \u201cO AUTOR\u201d, no Link, na parte superior do Site; MAIORES ESCLARECIMENTOS ATRAV\u00c9S DO &#8220;FALE CONOSCO&#8221;. S\u00e3o 10 (dez) Mensagens em versos para edifica\u00e7\u00e3o espiritual, e para quem deseja Evangelizar, compartilhe esse pagina com seus amigos; O Poeta Criador O Rei do Amor Carta de Alforria Foi t\u00e3o f\u00e1cil para Deus Quanto tempo eu perdi Ser\u00e1 num piscar de olhos Imagine Tem que saber adorar Eu preciso encontrar Tarde Sombria UMA SUGEST\u00c3O ESPIRITUAL Fa\u00e7a um prop\u00f3sito com o Senhor no sentido de que antes de desligar o Computador para dormir ou\u00e7a uma das Poesias do CD;Comece pela primeira at\u00e9 a \u00faltima mantendo o ciclo;Ou\u00e7a em sentido de Adora\u00e7\u00e3o e certamente o Senhor o recompensar\u00e1 com algo Sobrenatural no devido tempo e lugar.Deus procura Adoradores que o Adore em Esp\u00edrito e em Verdade.<\/p>\n","protected":false},"author":1,"featured_media":0,"parent":0,"menu_order":0,"comment_status":"closed","ping_status":"closed","template":"elementor_canvas","meta":{"footnotes":""},"class_list":["post-17442","page","type-page","status-publish","hentry"],"yoast_head":"<!-- This site is optimized with the Yoast SEO plugin v27.3 - https:\/\/yoast.com\/product\/yoast-seo-wordpress\/ -->\n<title>Poesias em \u00c1udio - Assuntos Pol\u00eamicos da B\u00edblia<\/title>\n<meta name=\"robots\" content=\"index, follow, max-snippet:-1, max-image-preview:large, max-video-preview:-1\" \/>\n<link rel=\"canonical\" href=\"https:\/\/assuntospolemicosdabiblia.com\/blog\/poesias-em-audio\/\" \/>\n<meta property=\"og:locale\" content=\"pt_BR\" \/>\n<meta property=\"og:type\" content=\"article\" \/>\n<meta property=\"og:title\" content=\"Poesias em \u00c1udio - Assuntos Pol\u00eamicos da B\u00edblia\" \/>\n<meta property=\"og:description\" content=\"Poesias em \u00c1udio INTRODU\u00c7\u00c3O N\u00e3o deixe de acessar a Se\u00e7\u00e3o \u201cO AUTOR\u201d, no Link, na parte superior do Site; MAIORES ESCLARECIMENTOS ATRAV\u00c9S DO &#8220;FALE CONOSCO&#8221;. S\u00e3o 10 (dez) Mensagens em versos para edifica\u00e7\u00e3o espiritual, e para quem deseja Evangelizar, compartilhe esse pagina com seus amigos; O Poeta Criador O Rei do Amor Carta de Alforria Foi t\u00e3o f\u00e1cil para Deus Quanto tempo eu perdi Ser\u00e1 num piscar de olhos Imagine Tem que saber adorar Eu preciso encontrar Tarde Sombria UMA SUGEST\u00c3O ESPIRITUAL Fa\u00e7a um prop\u00f3sito com o Senhor no sentido de que antes de desligar o Computador para dormir ou\u00e7a uma das Poesias do CD;Comece pela primeira at\u00e9 a \u00faltima mantendo o ciclo;Ou\u00e7a em sentido de Adora\u00e7\u00e3o e certamente o Senhor o recompensar\u00e1 com algo Sobrenatural no devido tempo e lugar.Deus procura Adoradores que o Adore em Esp\u00edrito e em Verdade.\" \/>\n<meta property=\"og:url\" content=\"https:\/\/assuntospolemicosdabiblia.com\/blog\/poesias-em-audio\/\" \/>\n<meta property=\"og:site_name\" content=\"Assuntos Pol\u00eamicos da B\u00edblia\" \/>\n<meta property=\"article:modified_time\" content=\"2025-04-22T13:16:57+00:00\" \/>\n<meta name=\"twitter:card\" content=\"summary_large_image\" \/>\n<meta name=\"twitter:label1\" content=\"Est. tempo de leitura\" \/>\n\t<meta name=\"twitter:data1\" content=\"1 minuto\" \/>\n<script type=\"application\/ld+json\" class=\"yoast-schema-graph\">{\"@context\":\"https:\\\/\\\/schema.org\",\"@graph\":[{\"@type\":\"WebPage\",\"@id\":\"https:\\\/\\\/assuntospolemicosdabiblia.com\\\/blog\\\/poesias-em-audio\\\/\",\"url\":\"https:\\\/\\\/assuntospolemicosdabiblia.com\\\/blog\\\/poesias-em-audio\\\/\",\"name\":\"Poesias em \u00c1udio - Assuntos Pol\u00eamicos da B\u00edblia\",\"isPartOf\":{\"@id\":\"https:\\\/\\\/assuntospolemicosdabiblia.com\\\/blog\\\/#website\"},\"datePublished\":\"2025-04-17T22:34:17+00:00\",\"dateModified\":\"2025-04-22T13:16:57+00:00\",\"breadcrumb\":{\"@id\":\"https:\\\/\\\/assuntospolemicosdabiblia.com\\\/blog\\\/poesias-em-audio\\\/#breadcrumb\"},\"inLanguage\":\"pt-BR\",\"potentialAction\":[{\"@type\":\"ReadAction\",\"target\":[\"https:\\\/\\\/assuntospolemicosdabiblia.com\\\/blog\\\/poesias-em-audio\\\/\"]}]},{\"@type\":\"BreadcrumbList\",\"@id\":\"https:\\\/\\\/assuntospolemicosdabiblia.com\\\/blog\\\/poesias-em-audio\\\/#breadcrumb\",\"itemListElement\":[{\"@type\":\"ListItem\",\"position\":1,\"name\":\"In\u00edcio\",\"item\":\"https:\\\/\\\/assuntospolemicosdabiblia.com\\\/blog\\\/\"},{\"@type\":\"ListItem\",\"position\":2,\"name\":\"Poesias em \u00c1udio\"}]},{\"@type\":\"WebSite\",\"@id\":\"https:\\\/\\\/assuntospolemicosdabiblia.com\\\/blog\\\/#website\",\"url\":\"https:\\\/\\\/assuntospolemicosdabiblia.com\\\/blog\\\/\",\"name\":\"Assuntos Pol\u00eamicos da B\u00edblia\",\"description\":\"Conhecereis a Verdade e a Verdade vos Libertar\u00e1\",\"potentialAction\":[{\"@type\":\"SearchAction\",\"target\":{\"@type\":\"EntryPoint\",\"urlTemplate\":\"https:\\\/\\\/assuntospolemicosdabiblia.com\\\/blog\\\/?s={search_term_string}\"},\"query-input\":{\"@type\":\"PropertyValueSpecification\",\"valueRequired\":true,\"valueName\":\"search_term_string\"}}],\"inLanguage\":\"pt-BR\"}]}<\/script>\n<!-- \/ Yoast SEO plugin. -->","yoast_head_json":{"title":"Poesias em \u00c1udio - Assuntos Pol\u00eamicos da B\u00edblia","robots":{"index":"index","follow":"follow","max-snippet":"max-snippet:-1","max-image-preview":"max-image-preview:large","max-video-preview":"max-video-preview:-1"},"canonical":"https:\/\/assuntospolemicosdabiblia.com\/blog\/poesias-em-audio\/","og_locale":"pt_BR","og_type":"article","og_title":"Poesias em \u00c1udio - Assuntos Pol\u00eamicos da B\u00edblia","og_description":"Poesias em \u00c1udio INTRODU\u00c7\u00c3O N\u00e3o deixe de acessar a Se\u00e7\u00e3o \u201cO AUTOR\u201d, no Link, na parte superior do Site; MAIORES ESCLARECIMENTOS ATRAV\u00c9S DO &#8220;FALE CONOSCO&#8221;. S\u00e3o 10 (dez) Mensagens em versos para edifica\u00e7\u00e3o espiritual, e para quem deseja Evangelizar, compartilhe esse pagina com seus amigos; O Poeta Criador O Rei do Amor Carta de Alforria Foi t\u00e3o f\u00e1cil para Deus Quanto tempo eu perdi Ser\u00e1 num piscar de olhos Imagine Tem que saber adorar Eu preciso encontrar Tarde Sombria UMA SUGEST\u00c3O ESPIRITUAL Fa\u00e7a um prop\u00f3sito com o Senhor no sentido de que antes de desligar o Computador para dormir ou\u00e7a uma das Poesias do CD;Comece pela primeira at\u00e9 a \u00faltima mantendo o ciclo;Ou\u00e7a em sentido de Adora\u00e7\u00e3o e certamente o Senhor o recompensar\u00e1 com algo Sobrenatural no devido tempo e lugar.Deus procura Adoradores que o Adore em Esp\u00edrito e em Verdade.","og_url":"https:\/\/assuntospolemicosdabiblia.com\/blog\/poesias-em-audio\/","og_site_name":"Assuntos Pol\u00eamicos da B\u00edblia","article_modified_time":"2025-04-22T13:16:57+00:00","twitter_card":"summary_large_image","twitter_misc":{"Est. tempo de leitura":"1 minuto"},"schema":{"@context":"https:\/\/schema.org","@graph":[{"@type":"WebPage","@id":"https:\/\/assuntospolemicosdabiblia.com\/blog\/poesias-em-audio\/","url":"https:\/\/assuntospolemicosdabiblia.com\/blog\/poesias-em-audio\/","name":"Poesias em \u00c1udio - Assuntos Pol\u00eamicos da B\u00edblia","isPartOf":{"@id":"https:\/\/assuntospolemicosdabiblia.com\/blog\/#website"},"datePublished":"2025-04-17T22:34:17+00:00","dateModified":"2025-04-22T13:16:57+00:00","breadcrumb":{"@id":"https:\/\/assuntospolemicosdabiblia.com\/blog\/poesias-em-audio\/#breadcrumb"},"inLanguage":"pt-BR","potentialAction":[{"@type":"ReadAction","target":["https:\/\/assuntospolemicosdabiblia.com\/blog\/poesias-em-audio\/"]}]},{"@type":"BreadcrumbList","@id":"https:\/\/assuntospolemicosdabiblia.com\/blog\/poesias-em-audio\/#breadcrumb","itemListElement":[{"@type":"ListItem","position":1,"name":"In\u00edcio","item":"https:\/\/assuntospolemicosdabiblia.com\/blog\/"},{"@type":"ListItem","position":2,"name":"Poesias em \u00c1udio"}]},{"@type":"WebSite","@id":"https:\/\/assuntospolemicosdabiblia.com\/blog\/#website","url":"https:\/\/assuntospolemicosdabiblia.com\/blog\/","name":"Assuntos Pol\u00eamicos da B\u00edblia","description":"Conhecereis a Verdade e a Verdade vos Libertar\u00e1","potentialAction":[{"@type":"SearchAction","target":{"@type":"EntryPoint","urlTemplate":"https:\/\/assuntospolemicosdabiblia.com\/blog\/?s={search_term_string}"},"query-input":{"@type":"PropertyValueSpecification","valueRequired":true,"valueName":"search_term_string"}}],"inLanguage":"pt-BR"}]}},"_links":{"self":[{"href":"https:\/\/assuntospolemicosdabiblia.com\/blog\/wp-json\/wp\/v2\/pages\/17442","targetHints":{"allow":["GET"]}}],"collection":[{"href":"https:\/\/assuntospolemicosdabiblia.com\/blog\/wp-json\/wp\/v2\/pages"}],"about":[{"href":"https:\/\/assuntospolemicosdabiblia.com\/blog\/wp-json\/wp\/v2\/types\/page"}],"author":[{"embeddable":true,"href":"https:\/\/assuntospolemicosdabiblia.com\/blog\/wp-json\/wp\/v2\/users\/1"}],"replies":[{"embeddable":true,"href":"https:\/\/assuntospolemicosdabiblia.com\/blog\/wp-json\/wp\/v2\/comments?post=17442"}],"version-history":[{"count":19,"href":"https:\/\/assuntospolemicosdabiblia.com\/blog\/wp-json\/wp\/v2\/pages\/17442\/revisions"}],"predecessor-version":[{"id":17669,"href":"https:\/\/assuntospolemicosdabiblia.com\/blog\/wp-json\/wp\/v2\/pages\/17442\/revisions\/17669"}],"wp:attachment":[{"href":"https:\/\/assuntospolemicosdabiblia.com\/blog\/wp-json\/wp\/v2\/media?parent=17442"}],"curies":[{"name":"wp","href":"https:\/\/api.w.org\/{rel}","templated":true}]}}