{"id":17734,"date":"2025-04-22T16:51:15","date_gmt":"2025-04-22T19:51:15","guid":{"rendered":"https:\/\/assuntospolemicosdabiblia.com\/blog\/?page_id=17734"},"modified":"2025-10-20T18:12:59","modified_gmt":"2025-10-20T21:12:59","slug":"fale-conosco","status":"publish","type":"page","link":"https:\/\/assuntospolemicosdabiblia.com\/blog\/fale-conosco\/","title":{"rendered":"Fale Conosco"},"content":{"rendered":"\t\t<div data-elementor-type=\"wp-page\" data-elementor-id=\"17734\" class=\"elementor elementor-17734\" data-elementor-post-type=\"page\">\n\t\t\t\t<div class=\"elementor-element elementor-element-fe152ec e-flex e-con-boxed wpr-particle-no wpr-jarallax-no wpr-parallax-no wpr-sticky-section-no wpr-column-slider-no wpr-equal-height-no e-con e-parent\" data-id=\"fe152ec\" data-element_type=\"container\" data-e-type=\"container\" data-settings=\"{&quot;background_background&quot;:&quot;classic&quot;}\">\n\t\t\t\t\t<div class=\"e-con-inner\">\n\t\t\t\t<div class=\"elementor-element elementor-element-f057ef0 elementor-widget elementor-widget-heading\" data-id=\"f057ef0\" data-element_type=\"widget\" data-e-type=\"widget\" data-widget_type=\"heading.default\">\n\t\t\t\t\t<h1 class=\"elementor-heading-title elementor-size-default\">Fale Conosco<\/h1>\t\t\t\t<\/div>\n\t\t\t\t\t<\/div>\n\t\t\t\t<\/div>\n\t\t<div class=\"elementor-element elementor-element-73f3e2ba e-flex e-con-boxed wpr-particle-no wpr-jarallax-no wpr-parallax-no wpr-sticky-section-no wpr-column-slider-no wpr-equal-height-no e-con e-parent\" data-id=\"73f3e2ba\" data-element_type=\"container\" data-e-type=\"container\">\n\t\t\t\t\t<div class=\"e-con-inner\">\n\t\t<div class=\"elementor-element elementor-element-5166072a elementor-hidden-tablet e-con-full e-flex wpr-particle-no wpr-jarallax-no wpr-parallax-no wpr-sticky-section-no wpr-column-slider-no wpr-equal-height-no e-con e-child\" data-id=\"5166072a\" data-element_type=\"container\" data-e-type=\"container\">\n\t\t\t\t<div class=\"elementor-element elementor-element-2631f252 elementor-widget elementor-widget-image\" data-id=\"2631f252\" data-element_type=\"widget\" data-e-type=\"widget\" data-widget_type=\"image.default\">\n\t\t\t\t\t\t\t\t\t\t\t\t\t\t\t<img fetchpriority=\"high\" decoding=\"async\" width=\"721\" height=\"1024\" src=\"https:\/\/assuntospolemicosdabiblia.com\/blog\/wp-content\/uploads\/2025\/04\/meuEbookResetei-e1745183905780-721x1024.webp\" class=\"attachment-large size-large wp-image-17556\" alt=\"\" srcset=\"https:\/\/assuntospolemicosdabiblia.com\/blog\/wp-content\/uploads\/2025\/04\/meuEbookResetei-e1745183905780-721x1024.webp 721w, https:\/\/assuntospolemicosdabiblia.com\/blog\/wp-content\/uploads\/2025\/04\/meuEbookResetei-e1745183905780-211x300.webp 211w, https:\/\/assuntospolemicosdabiblia.com\/blog\/wp-content\/uploads\/2025\/04\/meuEbookResetei-e1745183905780-768x1091.webp 768w, https:\/\/assuntospolemicosdabiblia.com\/blog\/wp-content\/uploads\/2025\/04\/meuEbookResetei-e1745183905780.webp 845w\" sizes=\"(max-width: 721px) 100vw, 721px\" \/>\t\t\t\t\t\t\t\t\t\t\t\t\t\t\t<\/div>\n\t\t\t\t<\/div>\n\t\t<div class=\"elementor-element elementor-element-2106fd78 e-flex e-con-boxed wpr-particle-no wpr-jarallax-no wpr-parallax-no wpr-sticky-section-no wpr-column-slider-no wpr-equal-height-no elementor-invisible e-con e-child\" data-id=\"2106fd78\" data-element_type=\"container\" data-e-type=\"container\" data-settings=\"{&quot;animation&quot;:&quot;slideInRight&quot;}\">\n\t\t\t\t\t<div class=\"e-con-inner\">\n\t\t\t\t<div class=\"elementor-element elementor-element-3f9fb4d8 elementor-widget elementor-widget-heading\" data-id=\"3f9fb4d8\" data-element_type=\"widget\" data-e-type=\"widget\" data-widget_type=\"heading.default\">\n\t\t\t\t\t<h2 class=\"elementor-heading-title elementor-size-default\">CONTATO POR E-MAIL<\/h2>\t\t\t\t<\/div>\n\t\t\t\t<div class=\"elementor-element elementor-element-1fb3ccc elementor-button-align-stretch elementor-widget elementor-widget-form\" data-id=\"1fb3ccc\" data-element_type=\"widget\" data-e-type=\"widget\" data-settings=\"{&quot;step_next_label&quot;:&quot;Next&quot;,&quot;step_previous_label&quot;:&quot;Previous&quot;,&quot;button_width&quot;:&quot;100&quot;,&quot;step_type&quot;:&quot;number_text&quot;,&quot;step_icon_shape&quot;:&quot;circle&quot;}\" data-widget_type=\"form.default\">\n\t\t\t\t\t\t\t<form class=\"elementor-form\" method=\"post\" name=\"New Form\" aria-label=\"New Form\">\n\t\t\t<input type=\"hidden\" name=\"post_id\" value=\"17734\"\/>\n\t\t\t<input type=\"hidden\" name=\"form_id\" value=\"1fb3ccc\"\/>\n\t\t\t<input type=\"hidden\" name=\"referer_title\" value=\"Fale Conosco - Assuntos Pol\u00eamicos da B\u00edblia\" \/>\n\n\t\t\t\t\t\t\t<input type=\"hidden\" name=\"queried_id\" value=\"17734\"\/>\n\t\t\t\n\t\t\t<div class=\"elementor-form-fields-wrapper elementor-labels-above\">\n\t\t\t\t\t\t\t\t<div class=\"elementor-field-type-text elementor-field-group elementor-column elementor-field-group-name elementor-col-100\">\n\t\t\t\t\t\t\t\t\t\t\t\t<label for=\"form-field-name\" class=\"elementor-field-label\">\n\t\t\t\t\t\t\t\tNome\t\t\t\t\t\t\t<\/label>\n\t\t\t\t\t\t\t\t\t\t\t\t\t\t<input size=\"1\" type=\"text\" name=\"form_fields[name]\" id=\"form-field-name\" class=\"elementor-field elementor-size-sm  elementor-field-textual\">\n\t\t\t\t\t\t\t\t\t\t\t<\/div>\n\t\t\t\t\t\t\t\t<div class=\"elementor-field-type-email elementor-field-group elementor-column elementor-field-group-email elementor-col-100 elementor-field-required\">\n\t\t\t\t\t\t\t\t\t\t\t\t<label for=\"form-field-email\" class=\"elementor-field-label\">\n\t\t\t\t\t\t\t\tEmail\t\t\t\t\t\t\t<\/label>\n\t\t\t\t\t\t\t\t\t\t\t\t\t\t<input size=\"1\" type=\"email\" name=\"form_fields[email]\" id=\"form-field-email\" class=\"elementor-field elementor-size-sm  elementor-field-textual\" required=\"required\">\n\t\t\t\t\t\t\t\t\t\t\t<\/div>\n\t\t\t\t\t\t\t\t<div class=\"elementor-field-type-textarea elementor-field-group elementor-column elementor-field-group-message elementor-col-100\">\n\t\t\t\t\t\t\t\t\t\t\t\t<label for=\"form-field-message\" class=\"elementor-field-label\">\n\t\t\t\t\t\t\t\tMenssagem\t\t\t\t\t\t\t<\/label>\n\t\t\t\t\t\t<textarea class=\"elementor-field-textual elementor-field  elementor-size-sm\" name=\"form_fields[message]\" id=\"form-field-message\" rows=\"4\"><\/textarea>\t\t\t\t<\/div>\n\t\t\t\t\t\t\t\t<div class=\"elementor-field-group elementor-column elementor-field-type-submit elementor-col-100 e-form__buttons\">\n\t\t\t\t\t<button class=\"elementor-button elementor-size-sm\" type=\"submit\">\n\t\t\t\t\t\t<span class=\"elementor-button-content-wrapper\">\n\t\t\t\t\t\t\t\t\t\t\t\t\t\t\t\t\t\t\t\t\t\t<span class=\"elementor-button-text\">ENVIAR<\/span>\n\t\t\t\t\t\t\t\t\t\t\t\t\t<\/span>\n\t\t\t\t\t<\/button>\n\t\t\t\t<\/div>\n\t\t\t<\/div>\n\t\t<\/form>\n\t\t\t\t\t\t<\/div>\n\t\t\t\t\t<\/div>\n\t\t\t\t<\/div>\n\t\t\t\t\t<\/div>\n\t\t\t\t<\/div>\n\t\t\t\t<\/div>\n\t\t","protected":false},"excerpt":{"rendered":"<p>Fale Conosco CONTATO POR E-MAIL<\/p>\n","protected":false},"author":1,"featured_media":0,"parent":0,"menu_order":0,"comment_status":"closed","ping_status":"closed","template":"elementor_canvas","meta":{"footnotes":""},"class_list":["post-17734","page","type-page","status-publish","hentry"],"yoast_head":"<!-- This site is optimized with the Yoast SEO plugin v27.5 - https:\/\/yoast.com\/product\/yoast-seo-wordpress\/ -->\n<title>Fale Conosco - Assuntos Pol\u00eamicos da B\u00edblia<\/title>\n<meta name=\"robots\" content=\"index, follow, max-snippet:-1, max-image-preview:large, max-video-preview:-1\" \/>\n<link rel=\"canonical\" href=\"https:\/\/assuntospolemicosdabiblia.com\/blog\/fale-conosco\/\" \/>\n<meta property=\"og:locale\" content=\"pt_BR\" \/>\n<meta property=\"og:type\" content=\"article\" \/>\n<meta property=\"og:title\" content=\"Fale Conosco - Assuntos Pol\u00eamicos da B\u00edblia\" \/>\n<meta property=\"og:description\" content=\"Fale Conosco CONTATO POR E-MAIL\" \/>\n<meta property=\"og:url\" content=\"https:\/\/assuntospolemicosdabiblia.com\/blog\/fale-conosco\/\" \/>\n<meta property=\"og:site_name\" content=\"Assuntos Pol\u00eamicos da B\u00edblia\" \/>\n<meta property=\"article:modified_time\" content=\"2025-10-20T21:12:59+00:00\" \/>\n<meta property=\"og:image\" content=\"https:\/\/assuntospolemicosdabiblia.com\/blog\/wp-content\/uploads\/2025\/04\/meuEbookResetei-e1745183905780.webp\" \/>\n\t<meta property=\"og:image:width\" content=\"845\" \/>\n\t<meta property=\"og:image:height\" content=\"1200\" \/>\n\t<meta property=\"og:image:type\" content=\"image\/webp\" \/>\n<meta name=\"twitter:card\" content=\"summary_large_image\" \/>\n<meta name=\"twitter:label1\" content=\"Est. tempo de leitura\" \/>\n\t<meta name=\"twitter:data1\" content=\"1 minuto\" \/>\n<script type=\"application\/ld+json\" class=\"yoast-schema-graph\">{\"@context\":\"https:\\\/\\\/schema.org\",\"@graph\":[{\"@type\":\"WebPage\",\"@id\":\"https:\\\/\\\/assuntospolemicosdabiblia.com\\\/blog\\\/fale-conosco\\\/\",\"url\":\"https:\\\/\\\/assuntospolemicosdabiblia.com\\\/blog\\\/fale-conosco\\\/\",\"name\":\"Fale Conosco - Assuntos Pol\u00eamicos da B\u00edblia\",\"isPartOf\":{\"@id\":\"https:\\\/\\\/assuntospolemicosdabiblia.com\\\/blog\\\/#website\"},\"primaryImageOfPage\":{\"@id\":\"https:\\\/\\\/assuntospolemicosdabiblia.com\\\/blog\\\/fale-conosco\\\/#primaryimage\"},\"image\":{\"@id\":\"https:\\\/\\\/assuntospolemicosdabiblia.com\\\/blog\\\/fale-conosco\\\/#primaryimage\"},\"thumbnailUrl\":\"https:\\\/\\\/assuntospolemicosdabiblia.com\\\/blog\\\/wp-content\\\/uploads\\\/2025\\\/04\\\/meuEbookResetei-e1745183905780-721x1024.webp\",\"datePublished\":\"2025-04-22T19:51:15+00:00\",\"dateModified\":\"2025-10-20T21:12:59+00:00\",\"breadcrumb\":{\"@id\":\"https:\\\/\\\/assuntospolemicosdabiblia.com\\\/blog\\\/fale-conosco\\\/#breadcrumb\"},\"inLanguage\":\"pt-BR\",\"potentialAction\":[{\"@type\":\"ReadAction\",\"target\":[\"https:\\\/\\\/assuntospolemicosdabiblia.com\\\/blog\\\/fale-conosco\\\/\"]}]},{\"@type\":\"ImageObject\",\"inLanguage\":\"pt-BR\",\"@id\":\"https:\\\/\\\/assuntospolemicosdabiblia.com\\\/blog\\\/fale-conosco\\\/#primaryimage\",\"url\":\"https:\\\/\\\/assuntospolemicosdabiblia.com\\\/blog\\\/wp-content\\\/uploads\\\/2025\\\/04\\\/meuEbookResetei-e1745183905780.webp\",\"contentUrl\":\"https:\\\/\\\/assuntospolemicosdabiblia.com\\\/blog\\\/wp-content\\\/uploads\\\/2025\\\/04\\\/meuEbookResetei-e1745183905780.webp\",\"width\":845,\"height\":1200},{\"@type\":\"BreadcrumbList\",\"@id\":\"https:\\\/\\\/assuntospolemicosdabiblia.com\\\/blog\\\/fale-conosco\\\/#breadcrumb\",\"itemListElement\":[{\"@type\":\"ListItem\",\"position\":1,\"name\":\"In\u00edcio\",\"item\":\"https:\\\/\\\/assuntospolemicosdabiblia.com\\\/blog\\\/\"},{\"@type\":\"ListItem\",\"position\":2,\"name\":\"Fale Conosco\"}]},{\"@type\":\"WebSite\",\"@id\":\"https:\\\/\\\/assuntospolemicosdabiblia.com\\\/blog\\\/#website\",\"url\":\"https:\\\/\\\/assuntospolemicosdabiblia.com\\\/blog\\\/\",\"name\":\"Assuntos Pol\u00eamicos da B\u00edblia\",\"description\":\"Conhecereis a Verdade e a Verdade vos Libertar\u00e1\",\"potentialAction\":[{\"@type\":\"SearchAction\",\"target\":{\"@type\":\"EntryPoint\",\"urlTemplate\":\"https:\\\/\\\/assuntospolemicosdabiblia.com\\\/blog\\\/?s={search_term_string}\"},\"query-input\":{\"@type\":\"PropertyValueSpecification\",\"valueRequired\":true,\"valueName\":\"search_term_string\"}}],\"inLanguage\":\"pt-BR\"}]}<\/script>\n<!-- \/ Yoast SEO plugin. -->","yoast_head_json":{"title":"Fale Conosco - Assuntos Pol\u00eamicos da B\u00edblia","robots":{"index":"index","follow":"follow","max-snippet":"max-snippet:-1","max-image-preview":"max-image-preview:large","max-video-preview":"max-video-preview:-1"},"canonical":"https:\/\/assuntospolemicosdabiblia.com\/blog\/fale-conosco\/","og_locale":"pt_BR","og_type":"article","og_title":"Fale Conosco - Assuntos Pol\u00eamicos da B\u00edblia","og_description":"Fale Conosco CONTATO POR E-MAIL","og_url":"https:\/\/assuntospolemicosdabiblia.com\/blog\/fale-conosco\/","og_site_name":"Assuntos Pol\u00eamicos da B\u00edblia","article_modified_time":"2025-10-20T21:12:59+00:00","og_image":[{"width":845,"height":1200,"url":"https:\/\/assuntospolemicosdabiblia.com\/blog\/wp-content\/uploads\/2025\/04\/meuEbookResetei-e1745183905780.webp","type":"image\/webp"}],"twitter_card":"summary_large_image","twitter_misc":{"Est. tempo de leitura":"1 minuto"},"schema":{"@context":"https:\/\/schema.org","@graph":[{"@type":"WebPage","@id":"https:\/\/assuntospolemicosdabiblia.com\/blog\/fale-conosco\/","url":"https:\/\/assuntospolemicosdabiblia.com\/blog\/fale-conosco\/","name":"Fale Conosco - Assuntos Pol\u00eamicos da B\u00edblia","isPartOf":{"@id":"https:\/\/assuntospolemicosdabiblia.com\/blog\/#website"},"primaryImageOfPage":{"@id":"https:\/\/assuntospolemicosdabiblia.com\/blog\/fale-conosco\/#primaryimage"},"image":{"@id":"https:\/\/assuntospolemicosdabiblia.com\/blog\/fale-conosco\/#primaryimage"},"thumbnailUrl":"https:\/\/assuntospolemicosdabiblia.com\/blog\/wp-content\/uploads\/2025\/04\/meuEbookResetei-e1745183905780-721x1024.webp","datePublished":"2025-04-22T19:51:15+00:00","dateModified":"2025-10-20T21:12:59+00:00","breadcrumb":{"@id":"https:\/\/assuntospolemicosdabiblia.com\/blog\/fale-conosco\/#breadcrumb"},"inLanguage":"pt-BR","potentialAction":[{"@type":"ReadAction","target":["https:\/\/assuntospolemicosdabiblia.com\/blog\/fale-conosco\/"]}]},{"@type":"ImageObject","inLanguage":"pt-BR","@id":"https:\/\/assuntospolemicosdabiblia.com\/blog\/fale-conosco\/#primaryimage","url":"https:\/\/assuntospolemicosdabiblia.com\/blog\/wp-content\/uploads\/2025\/04\/meuEbookResetei-e1745183905780.webp","contentUrl":"https:\/\/assuntospolemicosdabiblia.com\/blog\/wp-content\/uploads\/2025\/04\/meuEbookResetei-e1745183905780.webp","width":845,"height":1200},{"@type":"BreadcrumbList","@id":"https:\/\/assuntospolemicosdabiblia.com\/blog\/fale-conosco\/#breadcrumb","itemListElement":[{"@type":"ListItem","position":1,"name":"In\u00edcio","item":"https:\/\/assuntospolemicosdabiblia.com\/blog\/"},{"@type":"ListItem","position":2,"name":"Fale Conosco"}]},{"@type":"WebSite","@id":"https:\/\/assuntospolemicosdabiblia.com\/blog\/#website","url":"https:\/\/assuntospolemicosdabiblia.com\/blog\/","name":"Assuntos Pol\u00eamicos da B\u00edblia","description":"Conhecereis a Verdade e a Verdade vos Libertar\u00e1","potentialAction":[{"@type":"SearchAction","target":{"@type":"EntryPoint","urlTemplate":"https:\/\/assuntospolemicosdabiblia.com\/blog\/?s={search_term_string}"},"query-input":{"@type":"PropertyValueSpecification","valueRequired":true,"valueName":"search_term_string"}}],"inLanguage":"pt-BR"}]}},"_links":{"self":[{"href":"https:\/\/assuntospolemicosdabiblia.com\/blog\/wp-json\/wp\/v2\/pages\/17734","targetHints":{"allow":["GET"]}}],"collection":[{"href":"https:\/\/assuntospolemicosdabiblia.com\/blog\/wp-json\/wp\/v2\/pages"}],"about":[{"href":"https:\/\/assuntospolemicosdabiblia.com\/blog\/wp-json\/wp\/v2\/types\/page"}],"author":[{"embeddable":true,"href":"https:\/\/assuntospolemicosdabiblia.com\/blog\/wp-json\/wp\/v2\/users\/1"}],"replies":[{"embeddable":true,"href":"https:\/\/assuntospolemicosdabiblia.com\/blog\/wp-json\/wp\/v2\/comments?post=17734"}],"version-history":[{"count":25,"href":"https:\/\/assuntospolemicosdabiblia.com\/blog\/wp-json\/wp\/v2\/pages\/17734\/revisions"}],"predecessor-version":[{"id":17902,"href":"https:\/\/assuntospolemicosdabiblia.com\/blog\/wp-json\/wp\/v2\/pages\/17734\/revisions\/17902"}],"wp:attachment":[{"href":"https:\/\/assuntospolemicosdabiblia.com\/blog\/wp-json\/wp\/v2\/media?parent=17734"}],"curies":[{"name":"wp","href":"https:\/\/api.w.org\/{rel}","templated":true}]}}